{"id":962,"date":"2023-10-02T07:12:21","date_gmt":"2023-10-02T07:12:21","guid":{"rendered":"https:\/\/www.konsalt.com.tr\/hakkimizda\/"},"modified":"2024-03-01T07:34:43","modified_gmt":"2024-03-01T07:34:43","slug":"about-us","status":"publish","type":"page","link":"https:\/\/www.konsalt.com.tr\/en\/about-us\/","title":{"rendered":"About Us"},"content":{"rendered":"<section class=\"l-section wpb_row height_medium\"><div class=\"l-section-h i-cf\"><div class=\"g-cols vc_row via_flex valign_top type_default stacking_default\"><div class=\"vc_col-sm-12 wpb_column vc_column_container\"><div class=\"vc_column-inner\"><div class=\"wpb_wrapper\"><div class=\"wpb_text_column\"><div class=\"wpb_wrapper\"><p>Konsalt Information Technologies, based in Istanbul, is a software consulting company focused on strengthening the connection between the business operations and information technologies of large enterprises in the banking, insurance, telecommunications, manufacturing, and retail sectors. The company&#8217;s core focus areas include enterprise service management (ESM), observability, application performance monitoring (APM), IT automation, Robotic Process Automation (RPA), AIOps (Artificial Intelligence for IT Operations), Containers\/Kubernetes, DevSecOps, and PAM (Privileged Access Management). The Konsalt team specializes in providing expertise and guidance to integrate solutions into customer business objectives, aiming to enhance efficiency and effectiveness in complex business environments.<\/p>\n<p>Konsalt is recognized not only in Turkey but also in regional and global geographies such as the United States, the United Arab Emirates, Saudi Arabia, Ukraine, Greece, and Germany, through successful projects.<\/p>\n<\/div><\/div><div class=\"w-separator size_small\"><\/div><h2 class=\"w-text\"><span class=\"w-text-h\"><span class=\"w-text-value\">Customer Collaboration and IT Transformation<\/span><\/span><\/h2><div class=\"wpb_text_column\"><div class=\"wpb_wrapper\"><p>Collaborating closely with our customers to transform existing IT environments into business values is one of our main missions. Our analysis and consulting processes focus on customer-specific needs, enabling us to provide customized solutions and support our clients in making their business processes more effective.<\/p>\n<\/div><\/div><h2 class=\"w-text\"><span class=\"w-text-h\"><span class=\"w-text-value\">Vision<\/span><\/span><\/h2><div class=\"wpb_text_column\"><div class=\"wpb_wrapper\"><p>Our vision at Konsalt is to be the leading software consulting and &#8220;niche&#8221; system integrator in Turkey. This vision involves staying abreast of industry developments and consistently offering innovative solutions. We aim not only to serve the Turkish market but also to provide solutions to regional and global markets, contributing to our clients&#8217; international competitiveness.<\/p>\n<\/div><\/div><div class=\"w-separator size_small\"><\/div><h2 class=\"w-text\"><span class=\"w-text-h\"><span class=\"w-text-value\">Mission<\/span><\/span><\/h2><div class=\"wpb_text_column\"><div class=\"wpb_wrapper\"><p>Among our company&#8217;s missions is to cultivate qualified consultants in the information technology market, providing education and coaching. Additionally, integrating enterprise-level software into customer environments and achieving the highest return on investment (ROI) through consulting services are key objectives. Focusing on our clients&#8217; needs and supporting them in utilizing technology most effectively are our fundamental priorities.<\/p>\n<\/div><\/div><div class=\"w-separator size_small\"><\/div><h2 class=\"w-text\"><span class=\"w-text-h\"><span class=\"w-text-value\">Values<\/span><\/span><\/h2><div class=\"wpb_text_column\"><div class=\"wpb_wrapper\"><p>Trust, respect, honesty, success, passion for work, sensitivity, flexibility, speed, and meaningful innovation are our core values. We also strengthen our values by focusing on the professional and personal development of our employees, fostering teamwork, promoting a positive culture, instilling loyalty, excitement, and adding fun to our work. Customer satisfaction and a commitment to continuous improvement principles are crucial elements forming the foundation of our corporate culture.<\/p>\n<\/div><\/div><\/div><\/div><\/div><\/div><\/div><\/section><section class=\"l-section wpb_row height_medium\"><div class=\"l-section-h i-cf\"><div class=\"g-cols vc_row via_flex valign_top type_default stacking_default\"><div class=\"vc_col-sm-12 wpb_column vc_column_container\"><div class=\"vc_column-inner\"><div class=\"wpb_wrapper\"><div class=\"w-text us_custom_eaedda8f has_text_color icon_atleft\"><span class=\"w-text-h\"><i class=\"fas fa-circle\"><\/i><span class=\"w-text-value\">Founders<\/span><\/span><\/div><h2 class=\"w-text us_custom_28784076 has_text_color\"><span class=\"w-text-h\"><span class=\"w-text-value\">Our Founders<\/span><\/span><\/h2><div class=\"w-separator size_small\"><\/div><div class=\"w-grid us_grid us_custom_261847f6 type_grid layout_1583 cols_2 preload_style_spinner\" id=\"us_grid_1\" style=\"--columns:2;--gap:0.3rem;\" data-filterable=\"true\"><style>@media (max-width:600px){#us_grid_1{--columns:1!important}}.layout_1583 .w-grid-item-h{}.layout_1583 .usg_post_image_1{text-align:center!important;border-radius:50%!important}.layout_1583 .usg_post_title_1{color:#333333!important;margin-top:1rem!important}.layout_1583 .usg_post_custom_field_1{text-align:center!important}.layout_1583 .usg_post_custom_field_2{text-align:center!important;font-size:1.2rem!important}<\/style><div class=\"w-grid-list\">\t<article class=\"w-grid-item size_1x1 post-1441 ekip type-ekip status-publish has-post-thumbnail hentry team-category-founder\" data-id=\"1441\">\r\n\t\t<div class=\"w-grid-item-h\">\r\n\t\t\t\t\t\t<div class=\"w-vwrapper usg_vwrapper_1 align_center valign_top\"><div class=\"w-post-elm post_image usg_post_image_1 as_circle\"><img loading=\"lazy\" decoding=\"async\" width=\"390\" height=\"400\" src=\"https:\/\/www.konsalt.com.tr\/wp-content\/uploads\/2023\/10\/galip-tutuncuoglu-1.jpg\" class=\"attachment-us_400_400 size-us_400_400 wp-post-image\" alt=\"\" srcset=\"https:\/\/www.konsalt.com.tr\/wp-content\/uploads\/2023\/10\/galip-tutuncuoglu-1.jpg 672w, https:\/\/www.konsalt.com.tr\/wp-content\/uploads\/2023\/10\/galip-tutuncuoglu-1-292x300.jpg 292w\" sizes=\"auto, (max-width: 390px) 100vw, 390px\" \/><\/div><h4 class=\"w-post-elm post_title usg_post_title_1 has_text_color align_center entry-title color_link_inherit\"><a href=\"https:\/\/www.konsalt.com.tr\/en\/ekip\/galip-tutuncuoglu\/\">Galip T\u00fct\u00fcnc\u00fco\u011flu<\/a><\/h4><div class=\"w-post-elm post_custom_field usg_post_custom_field_1 type_text founder color_link_inherit\"><span class=\"w-post-elm-value\">Founders<\/span><\/div><div class=\"w-post-elm post_custom_field usg_post_custom_field_2 type_icon us_tile_icon color_link_inherit\"><a href=\"https:\/\/www.linkedin.com\/in\/galip-t\u00fct\u00fcnc\u00fco\u011flu-0489a23?originalSubdomain=tr\"><i class=\"fab fa-linkedin\"><\/i><\/a><\/div><\/div>\t\t<\/div>\r\n\t\t\t<\/article>\r\n\t<article class=\"w-grid-item size_1x1 post-1443 ekip type-ekip status-publish has-post-thumbnail hentry team-category-founder\" data-id=\"1443\">\r\n\t\t<div class=\"w-grid-item-h\">\r\n\t\t\t\t\t\t<div class=\"w-vwrapper usg_vwrapper_1 align_center valign_top\"><div class=\"w-post-elm post_image usg_post_image_1 as_circle\"><img loading=\"lazy\" decoding=\"async\" width=\"390\" height=\"400\" src=\"https:\/\/www.konsalt.com.tr\/wp-content\/uploads\/2023\/10\/ozgur-kayim-1.png\" class=\"attachment-us_400_400 size-us_400_400 wp-post-image\" alt=\"\" srcset=\"https:\/\/www.konsalt.com.tr\/wp-content\/uploads\/2023\/10\/ozgur-kayim-1.png 672w, https:\/\/www.konsalt.com.tr\/wp-content\/uploads\/2023\/10\/ozgur-kayim-1-292x300.png 292w\" sizes=\"auto, (max-width: 390px) 100vw, 390px\" \/><\/div><h4 class=\"w-post-elm post_title usg_post_title_1 has_text_color align_center entry-title color_link_inherit\"><a href=\"https:\/\/www.konsalt.com.tr\/en\/ekip\/ozgur-kayim\/\">\u00d6zg\u00fcr Kay\u0131m<\/a><\/h4><div class=\"w-post-elm post_custom_field usg_post_custom_field_1 type_text founder color_link_inherit\"><span class=\"w-post-elm-value\">Founders<\/span><\/div><div class=\"w-post-elm post_custom_field usg_post_custom_field_2 type_icon us_tile_icon color_link_inherit\"><a href=\"https:\/\/www.linkedin.com\/in\/ozgurkayim?originalSubdomain=tr\"><i class=\"fab fa-linkedin\"><\/i><\/a><\/div><\/div>\t\t<\/div>\r\n\t\t\t<\/article>\r\n<\/div>\t<div class=\"w-grid-preloader\">\r\n\t\t<div class=\"g-preloader type_1\">\r\n\t\t\t<div><\/div>\r\n\t\t<\/div>\r\n\t<\/div>\r\n\t\t<div class=\"w-grid-json hidden\" onclick='return {&quot;action&quot;:&quot;us_ajax_grid&quot;,&quot;infinite_scroll&quot;:0,&quot;max_num_pages&quot;:1,&quot;pagination&quot;:&quot;none&quot;,&quot;template_vars&quot;:{&quot;columns&quot;:&quot;2&quot;,&quot;exclude_items&quot;:&quot;none&quot;,&quot;img_size&quot;:&quot;us_400_400&quot;,&quot;ignore_items_size&quot;:0,&quot;items_layout&quot;:&quot;1583&quot;,&quot;items_offset&quot;:&quot;1&quot;,&quot;load_animation&quot;:&quot;none&quot;,&quot;overriding_link&quot;:&quot;%7B%22url%22%3A%22%22%7D&quot;,&quot;post_id&quot;:0,&quot;query_args&quot;:{&quot;post_type&quot;:[&quot;ekip&quot;],&quot;tax_query&quot;:[{&quot;taxonomy&quot;:&quot;team-category&quot;,&quot;field&quot;:&quot;slug&quot;,&quot;terms&quot;:[&quot;founder&quot;]}],&quot;post_status&quot;:[&quot;publish&quot;],&quot;posts_per_page&quot;:&quot;2&quot;},&quot;orderby_query_args&quot;:{&quot;orderby&quot;:{&quot;date&quot;:&quot;DESC&quot;}},&quot;type&quot;:&quot;grid&quot;,&quot;us_grid_post_type&quot;:&quot;ekip&quot;,&quot;us_grid_ajax_index&quot;:1,&quot;us_grid_filter_query_string&quot;:null,&quot;us_grid_index&quot;:1,&quot;page_args&quot;:[],&quot;lang&quot;:&quot;en&quot;}}'><\/div>\r\n\t<\/div><\/div><\/div><\/div><\/div><\/div><\/section>\n","protected":false},"excerpt":{"rendered":"Founder","protected":false},"author":1,"featured_media":0,"parent":0,"menu_order":0,"comment_status":"closed","ping_status":"closed","template":"","meta":{"om_disable_all_campaigns":false,"_monsterinsights_skip_tracking":false,"_monsterinsights_sitenote_active":false,"_monsterinsights_sitenote_note":"","_monsterinsights_sitenote_category":0,"footnotes":""},"class_list":["post-962","page","type-page","status-publish","hentry"],"aioseo_notices":[],"_links":{"self":[{"href":"https:\/\/www.konsalt.com.tr\/en\/wp-json\/wp\/v2\/pages\/962","targetHints":{"allow":["GET"]}}],"collection":[{"href":"https:\/\/www.konsalt.com.tr\/en\/wp-json\/wp\/v2\/pages"}],"about":[{"href":"https:\/\/www.konsalt.com.tr\/en\/wp-json\/wp\/v2\/types\/page"}],"author":[{"embeddable":true,"href":"https:\/\/www.konsalt.com.tr\/en\/wp-json\/wp\/v2\/users\/1"}],"replies":[{"embeddable":true,"href":"https:\/\/www.konsalt.com.tr\/en\/wp-json\/wp\/v2\/comments?post=962"}],"version-history":[{"count":11,"href":"https:\/\/www.konsalt.com.tr\/en\/wp-json\/wp\/v2\/pages\/962\/revisions"}],"predecessor-version":[{"id":1780,"href":"https:\/\/www.konsalt.com.tr\/en\/wp-json\/wp\/v2\/pages\/962\/revisions\/1780"}],"wp:attachment":[{"href":"https:\/\/www.konsalt.com.tr\/en\/wp-json\/wp\/v2\/media?parent=962"}],"curies":[{"name":"wp","href":"https:\/\/api.w.org\/{rel}","templated":true}]}}